{"id":21,"date":"2018-08-03T06:02:32","date_gmt":"2018-08-03T06:02:32","guid":{"rendered":"http:\/\/www.krisztinews.com\/jogaszentendre\/?page_id=21"},"modified":"2018-10-08T07:18:30","modified_gmt":"2018-10-08T07:18:30","slug":"elerhetoseg","status":"publish","type":"page","link":"http:\/\/www.krisztinews.com\/jogaszentendre\/elerhetoseg\/","title":{"rendered":"El\u00e9rhet\u0151s\u00e9g"},"content":{"rendered":"<div id=\"attachment_150\" style=\"width: 160px\" class=\"wp-caption alignleft\"><img aria-describedby=\"caption-attachment-150\" decoding=\"async\" loading=\"lazy\" class=\"size-thumbnail wp-image-150\" src=\"http:\/\/www.krisztinews.com\/jogaszentendre\/wp-content\/uploads\/2018\/10\/DSC_0784-150x150.jpg\" alt=\"Etka-j\u00f3ga oktat\u00f3\" width=\"150\" height=\"150\" srcset=\"http:\/\/www.krisztinews.com\/jogaszentendre\/wp-content\/uploads\/2018\/10\/DSC_0784-150x150.jpg 150w, http:\/\/www.krisztinews.com\/jogaszentendre\/wp-content\/uploads\/2018\/10\/DSC_0784-50x50.jpg 50w\" sizes=\"(max-width: 150px) 100vw, 150px\" \/><p id=\"caption-attachment-150\" class=\"wp-caption-text\">Mark\u00f3 Krisztina<\/p><\/div>\n<p>Mark\u00f3 Krisztina<\/p>\n<p>+36-209727373<\/p>\n<p>eletminoseg.krisztina@gmail.com<\/p>\n","protected":false},"excerpt":{"rendered":"<p>Mark\u00f3 Krisztina +36-209727373 eletminoseg.krisztina@gmail.com<\/p>\n","protected":false},"author":1,"featured_media":0,"parent":0,"menu_order":0,"comment_status":"closed","ping_status":"closed","template":"","meta":[],"_links":{"self":[{"href":"http:\/\/www.krisztinews.com\/jogaszentendre\/wp-json\/wp\/v2\/pages\/21"}],"collection":[{"href":"http:\/\/www.krisztinews.com\/jogaszentendre\/wp-json\/wp\/v2\/pages"}],"about":[{"href":"http:\/\/www.krisztinews.com\/jogaszentendre\/wp-json\/wp\/v2\/types\/page"}],"author":[{"embeddable":true,"href":"http:\/\/www.krisztinews.com\/jogaszentendre\/wp-json\/wp\/v2\/users\/1"}],"replies":[{"embeddable":true,"href":"http:\/\/www.krisztinews.com\/jogaszentendre\/wp-json\/wp\/v2\/comments?post=21"}],"version-history":[{"count":5,"href":"http:\/\/www.krisztinews.com\/jogaszentendre\/wp-json\/wp\/v2\/pages\/21\/revisions"}],"predecessor-version":[{"id":172,"href":"http:\/\/www.krisztinews.com\/jogaszentendre\/wp-json\/wp\/v2\/pages\/21\/revisions\/172"}],"wp:attachment":[{"href":"http:\/\/www.krisztinews.com\/jogaszentendre\/wp-json\/wp\/v2\/media?parent=21"}],"curies":[{"name":"wp","href":"https:\/\/api.w.org\/{rel}","templated":true}]}}